{"id":41,"date":"2017-12-17T10:02:12","date_gmt":"2017-12-17T10:02:12","guid":{"rendered":"http:\/\/gravilsro.cz\/?page_id=41"},"modified":"2022-10-24T14:06:43","modified_gmt":"2022-10-24T14:06:43","slug":"kariera","status":"publish","type":"page","link":"https:\/\/gravilsro.cz\/?page_id=41","title":{"rendered":"Kari\u00e9ra"},"content":{"rendered":"\t\t<div data-elementor-type=\"wp-post\" data-elementor-id=\"41\" class=\"elementor elementor-41\">\n\t\t\t\t\t\t\t\t\t<section class=\"elementor-section elementor-top-section elementor-element elementor-element-0e916b3 elementor-section-boxed elementor-section-height-default elementor-section-height-default\" data-id=\"0e916b3\" data-element_type=\"section\" data-settings=\"{&quot;background_background&quot;:&quot;classic&quot;}\">\n\t\t\t\t\t\t\t<div class=\"elementor-background-overlay\"><\/div>\n\t\t\t\t\t\t\t<div class=\"elementor-container elementor-column-gap-default\">\n\t\t\t\t\t<div class=\"elementor-column elementor-col-100 elementor-top-column elementor-element elementor-element-8e0ee3d\" data-id=\"8e0ee3d\" data-element_type=\"column\">\n\t\t\t<div class=\"elementor-widget-wrap elementor-element-populated\">\n\t\t\t\t\t\t\t\t<div class=\"elementor-element elementor-element-5f25524 elementor-widget elementor-widget-heading\" data-id=\"5f25524\" data-element_type=\"widget\" data-widget_type=\"heading.default\">\n\t\t\t\t<div class=\"elementor-widget-container\">\n\t\t\t<style>\/*! elementor - v3.7.8 - 02-10-2022 *\/\n.elementor-heading-title{padding:0;margin:0;line-height:1}.elementor-widget-heading .elementor-heading-title[class*=elementor-size-]>a{color:inherit;font-size:inherit;line-height:inherit}.elementor-widget-heading .elementor-heading-title.elementor-size-small{font-size:15px}.elementor-widget-heading .elementor-heading-title.elementor-size-medium{font-size:19px}.elementor-widget-heading .elementor-heading-title.elementor-size-large{font-size:29px}.elementor-widget-heading .elementor-heading-title.elementor-size-xl{font-size:39px}.elementor-widget-heading .elementor-heading-title.elementor-size-xxl{font-size:59px}<\/style><h1 class=\"elementor-heading-title elementor-size-default\">Kari\u00e9ra<\/h1>\t\t<\/div>\n\t\t\t\t<\/div>\n\t\t\t\t<div class=\"elementor-element elementor-element-80c053c elementor-widget elementor-widget-text-editor\" data-id=\"80c053c\" data-element_type=\"widget\" data-widget_type=\"text-editor.default\">\n\t\t\t\t<div class=\"elementor-widget-container\">\n\t\t\t<style>\/*! elementor - v3.7.8 - 02-10-2022 *\/\n.elementor-widget-text-editor.elementor-drop-cap-view-stacked .elementor-drop-cap{background-color:#818a91;color:#fff}.elementor-widget-text-editor.elementor-drop-cap-view-framed .elementor-drop-cap{color:#818a91;border:3px solid;background-color:transparent}.elementor-widget-text-editor:not(.elementor-drop-cap-view-default) .elementor-drop-cap{margin-top:8px}.elementor-widget-text-editor:not(.elementor-drop-cap-view-default) .elementor-drop-cap-letter{width:1em;height:1em}.elementor-widget-text-editor .elementor-drop-cap{float:left;text-align:center;line-height:1;font-size:50px}.elementor-widget-text-editor .elementor-drop-cap-letter{display:inline-block}<\/style>\t\t\t\t\t\t\t\t\t\t<\/div>\n\t\t\t\t<\/div>\n\t\t\t\t\t<\/div>\n\t\t<\/div>\n\t\t\t\t\t\t\t<\/div>\n\t\t<\/section>\n\t\t\t\t<section class=\"elementor-section elementor-top-section elementor-element elementor-element-79db6ca5 elementor-section-boxed elementor-section-height-default elementor-section-height-default\" data-id=\"79db6ca5\" data-element_type=\"section\">\n\t\t\t\t\t\t<div class=\"elementor-container elementor-column-gap-default\">\n\t\t\t\t\t<div class=\"elementor-column elementor-col-100 elementor-top-column elementor-element elementor-element-2255fc82\" data-id=\"2255fc82\" data-element_type=\"column\">\n\t\t\t<div class=\"elementor-widget-wrap elementor-element-populated\">\n\t\t\t\t\t\t\t\t<div class=\"elementor-element elementor-element-6a39e18 elementor-widget elementor-widget-heading\" data-id=\"6a39e18\" data-element_type=\"widget\" data-widget_type=\"heading.default\">\n\t\t\t\t<div class=\"elementor-widget-container\">\n\t\t\t<h2 class=\"elementor-heading-title elementor-size-default\">Hled\u00e1te brigadu a po \u010dase stal\u00fd pracovn\u00ed pom\u011br ? <\/h2>\t\t<\/div>\n\t\t\t\t<\/div>\n\t\t\t\t<div class=\"elementor-element elementor-element-c852d5c elementor-widget elementor-widget-text-editor\" data-id=\"c852d5c\" data-element_type=\"widget\" data-widget_type=\"text-editor.default\">\n\t\t\t\t<div class=\"elementor-widget-container\">\n\t\t\t\t\t\t\t<p>P\u0159ijmeme zam\u011bstnance na \u00faklid na\u0161ich objekt\u016f<br \/><br \/>Pracovn\u00ed doba: Po &#8211; P\u00e1, 10:00 &#8211; 18:00 hod (\u010das \u00faklidu lze posunout do pozd\u011bj\u0161\u00edch hodin).<br \/><br \/>N\u00e1pl\u0148 pr\u00e1ce: \u00faklid kancel\u00e1\u0159\u00ed, kuchy\u0148ek, toalet, chodby<br \/><br \/>Po\u017eadujeme:<\/p><p>&#8211; Spolehlivost, zodpov\u011bdnost<\/p><p><br \/>Nab\u00edz\u00edme:<\/p><p>&#8211; Mo\u017enost pravideln\u00e9ho p\u0159iv\u00fdd\u011blku<\/p><p>&#8211; Vhodn\u00e9 pro OZP, d\u016fchodce, \u017eeny na MD\/RD<\/p><p>&#8211; Odm\u011bnu za pravidelnou doch\u00e1zku<\/p><p>&#8211; Pr\u00e1ci v \u010dist\u00e9m prost\u0159ed\u00ed<\/p><p>&#8211; Z\u00e1zem\u00ed stabiln\u00ed spole\u010dnosti<\/p>\t\t\t\t\t\t<\/div>\n\t\t\t\t<\/div>\n\t\t\t\t\t<\/div>\n\t\t<\/div>\n\t\t\t\t\t\t\t<\/div>\n\t\t<\/section>\n\t\t\t\t<section class=\"elementor-section elementor-top-section elementor-element elementor-element-fb2cc22 elementor-section-boxed elementor-section-height-default elementor-section-height-default\" data-id=\"fb2cc22\" data-element_type=\"section\">\n\t\t\t\t\t\t<div class=\"elementor-container elementor-column-gap-default\">\n\t\t\t\t\t<div class=\"elementor-column elementor-col-100 elementor-top-column elementor-element elementor-element-6a00c4d\" data-id=\"6a00c4d\" data-element_type=\"column\">\n\t\t\t<div class=\"elementor-widget-wrap elementor-element-populated\">\n\t\t\t\t\t\t\t\t<div class=\"elementor-element elementor-element-19f111c elementor-widget elementor-widget-heading\" data-id=\"19f111c\" data-element_type=\"widget\" data-widget_type=\"heading.default\">\n\t\t\t\t<div class=\"elementor-widget-container\">\n\t\t\t<h2 class=\"elementor-heading-title elementor-size-default\">V p\u0159\u00edpad\u011b z\u00e1jmu n\u00e1m napi\u0161te n\u00ed\u017ee.<\/h2>\t\t<\/div>\n\t\t\t\t<\/div>\n\t\t\t\t<div class=\"elementor-element elementor-element-7a04562 elementor-widget elementor-widget-wpforms\" data-id=\"7a04562\" data-element_type=\"widget\" data-widget_type=\"wpforms.default\">\n\t\t\t\t<div class=\"elementor-widget-container\">\n\t\t\t<div class=\"wpforms-container \" id=\"wpforms-4432\"><form id=\"wpforms-form-4432\" class=\"wpforms-validate wpforms-form wpforms-ajax-form\" data-formid=\"4432\" method=\"post\" enctype=\"multipart\/form-data\" action=\"\/index.php?rest_route=%2Fwp%2Fv2%2Fpages%2F41\" data-token=\"76aa20fe6a30e7e98feaf487e12ab67d\"><noscript class=\"wpforms-error-noscript\">Chcete-li vyplnit tento formul\u00e1\u0159, pros\u00edm povolte v prohl\u00ed\u017ee\u010di JavaScript.<\/noscript><div class=\"wpforms-field-container\"><div id=\"wpforms-4432-field_3-container\" class=\"wpforms-field wpforms-field-name\" data-field-id=\"3\"><label class=\"wpforms-field-label\" for=\"wpforms-4432-field_3\">Jm\u00e9no <span class=\"wpforms-required-label\">*<\/span><\/label><div class=\"wpforms-field-row wpforms-field-medium\"><div class=\"wpforms-field-row-block wpforms-first wpforms-one-half\"><input type=\"text\" id=\"wpforms-4432-field_3\" class=\"wpforms-field-name-first wpforms-field-required\" name=\"wpforms[fields][3][first]\" required><label for=\"wpforms-4432-field_3\" class=\"wpforms-field-sublabel after \">K\u0159estn\u00ed jm\u00e9no<\/label><\/div><div class=\"wpforms-field-row-block wpforms-one-half\"><input type=\"text\" id=\"wpforms-4432-field_3-last\" class=\"wpforms-field-name-last wpforms-field-required\" name=\"wpforms[fields][3][last]\" required><label for=\"wpforms-4432-field_3-last\" class=\"wpforms-field-sublabel after \">P\u0159\u00edjmen\u00ed<\/label><\/div><\/div><\/div><div id=\"wpforms-4432-field_1-container\" class=\"wpforms-field wpforms-field-email\" data-field-id=\"1\"><label class=\"wpforms-field-label\" for=\"wpforms-4432-field_1\">E-mail <span class=\"wpforms-required-label\">*<\/span><\/label><input type=\"email\" id=\"wpforms-4432-field_1\" class=\"wpforms-field-medium wpforms-field-required\" name=\"wpforms[fields][1]\" required><\/div><div id=\"wpforms-4432-field_4-container\" class=\"wpforms-field wpforms-field-textarea\" data-field-id=\"4\"><label class=\"wpforms-field-label\" for=\"wpforms-4432-field_4\">Text<\/label><textarea id=\"wpforms-4432-field_4\" class=\"wpforms-field-medium\" name=\"wpforms[fields][4]\" ><\/textarea><\/div><\/div><div class=\"wpforms-submit-container\"><input type=\"hidden\" name=\"wpforms[id]\" value=\"4432\"><input type=\"hidden\" name=\"wpforms[author]\" value=\"1\"><button type=\"submit\" name=\"wpforms[submit]\" id=\"wpforms-submit-4432\" class=\"wpforms-submit\" data-alt-text=\"Odes\u00edl\u00e1ni...\" data-submit-text=\"Odeslat\" aria-live=\"assertive\" value=\"wpforms-submit\">Odeslat<\/button><img loading=\"lazy\" decoding=\"async\" src=\"https:\/\/gravilsro.cz\/wp-content\/plugins\/wpforms-lite\/assets\/images\/submit-spin.svg\" class=\"wpforms-submit-spinner\" style=\"display: none;\" width=\"26\" height=\"26\" alt=\"Na\u010d\u00edt\u00e1n\u00ed\"><\/div><\/form><\/div>  <!-- .wpforms-container -->\t\t<\/div>\n\t\t\t\t<\/div>\n\t\t\t\t\t<\/div>\n\t\t<\/div>\n\t\t\t\t\t\t\t<\/div>\n\t\t<\/section>\n\t\t\t\t\t\t\t<\/div>\n\t\t","protected":false},"excerpt":{"rendered":"<p>Kari\u00e9ra Hled\u00e1te brigadu a po \u010dase stal\u00fd pracovn\u00ed pom\u011br ? P\u0159ijmeme zam\u011bstnance na \u00faklid na\u0161ich objekt\u016f Pracovn\u00ed doba: Po &#8211; P\u00e1, 10:00 &#8211; 18:00 hod (\u010das \u00faklidu lze posunout do pozd\u011bj\u0161\u00edch hodin). N\u00e1pl\u0148 pr\u00e1ce: \u00faklid kancel\u00e1\u0159\u00ed, kuchy\u0148ek, toalet, chodby Po\u017eadujeme: &#8211; Spolehlivost, zodpov\u011bdnost Nab\u00edz\u00edme: &#8211; Mo\u017enost pravideln\u00e9ho p\u0159iv\u00fdd\u011blku &#8211; Vhodn\u00e9 pro OZP, d\u016fchodce, \u017eeny na &hellip;<\/p>\n<p class=\"read-more\"> <a class=\"\" href=\"https:\/\/gravilsro.cz\/?page_id=41\"> <span class=\"screen-reader-text\">Kari\u00e9ra<\/span> Pokra\u010dovat ve \u010dten\u00ed &raquo;<\/a><\/p>\n","protected":false},"author":1,"featured_media":0,"parent":0,"menu_order":0,"comment_status":"closed","ping_status":"closed","template":"","meta":{"site-sidebar-layout":"no-sidebar","site-content-layout":"page-builder","ast-global-header-display":"","ast-main-header-display":"","ast-hfb-above-header-display":"","ast-hfb-below-header-display":"","ast-hfb-mobile-header-display":"","site-post-title":"disabled","ast-breadcrumbs-content":"","ast-featured-img":"disabled","footer-sml-layout":"","theme-transparent-header-meta":"default","adv-header-id-meta":"","stick-header-meta":"","header-above-stick-meta":"","header-main-stick-meta":"","header-below-stick-meta":"","footnotes":""},"class_list":["post-41","page","type-page","status-publish","hentry"],"yoast_head":"<!-- This site is optimized with the Yoast SEO plugin v19.8 - https:\/\/yoast.com\/wordpress\/plugins\/seo\/ -->\n<title>Kari\u00e9ra - gravilsro.cz<\/title>\n<meta name=\"robots\" content=\"index, follow, max-snippet:-1, max-image-preview:large, max-video-preview:-1\" \/>\n<link rel=\"canonical\" href=\"https:\/\/gravilsro.cz\/?page_id=41\" \/>\n<meta property=\"og:locale\" content=\"cs_CZ\" \/>\n<meta property=\"og:type\" content=\"article\" \/>\n<meta property=\"og:title\" content=\"Kari\u00e9ra - gravilsro.cz\" \/>\n<meta property=\"og:description\" content=\"Kari\u00e9ra Hled\u00e1te brigadu a po \u010dase stal\u00fd pracovn\u00ed pom\u011br ? P\u0159ijmeme zam\u011bstnance na \u00faklid na\u0161ich objekt\u016f Pracovn\u00ed doba: Po &#8211; P\u00e1, 10:00 &#8211; 18:00 hod (\u010das \u00faklidu lze posunout do pozd\u011bj\u0161\u00edch hodin). N\u00e1pl\u0148 pr\u00e1ce: \u00faklid kancel\u00e1\u0159\u00ed, kuchy\u0148ek, toalet, chodby Po\u017eadujeme: &#8211; Spolehlivost, zodpov\u011bdnost Nab\u00edz\u00edme: &#8211; Mo\u017enost pravideln\u00e9ho p\u0159iv\u00fdd\u011blku &#8211; Vhodn\u00e9 pro OZP, d\u016fchodce, \u017eeny na &hellip; Kari\u00e9ra Pokra\u010dovat ve \u010dten\u00ed &raquo;\" \/>\n<meta property=\"og:url\" content=\"https:\/\/gravilsro.cz\/?page_id=41\" \/>\n<meta property=\"og:site_name\" content=\"gravilsro.cz\" \/>\n<meta property=\"article:modified_time\" content=\"2022-10-24T14:06:43+00:00\" \/>\n<meta name=\"twitter:card\" content=\"summary_large_image\" \/>\n<meta name=\"twitter:label1\" content=\"Odhadovan\u00e1 doba \u010dten\u00ed\" \/>\n\t<meta name=\"twitter:data1\" content=\"1 minuta\" \/>\n<script type=\"application\/ld+json\" class=\"yoast-schema-graph\">{\"@context\":\"https:\/\/schema.org\",\"@graph\":[{\"@type\":\"WebPage\",\"@id\":\"https:\/\/gravilsro.cz\/?page_id=41\",\"url\":\"https:\/\/gravilsro.cz\/?page_id=41\",\"name\":\"Kari\u00e9ra - gravilsro.cz\",\"isPartOf\":{\"@id\":\"https:\/\/gravilsro.cz\/#website\"},\"datePublished\":\"2017-12-17T10:02:12+00:00\",\"dateModified\":\"2022-10-24T14:06:43+00:00\",\"breadcrumb\":{\"@id\":\"https:\/\/gravilsro.cz\/?page_id=41#breadcrumb\"},\"inLanguage\":\"cs\",\"potentialAction\":[{\"@type\":\"ReadAction\",\"target\":[\"https:\/\/gravilsro.cz\/?page_id=41\"]}]},{\"@type\":\"BreadcrumbList\",\"@id\":\"https:\/\/gravilsro.cz\/?page_id=41#breadcrumb\",\"itemListElement\":[{\"@type\":\"ListItem\",\"position\":1,\"name\":\"Dom\u016f\",\"item\":\"https:\/\/gravilsro.cz\/\"},{\"@type\":\"ListItem\",\"position\":2,\"name\":\"Kari\u00e9ra\"}]},{\"@type\":\"WebSite\",\"@id\":\"https:\/\/gravilsro.cz\/#website\",\"url\":\"https:\/\/gravilsro.cz\/\",\"name\":\"gravilsro.cz\",\"description\":\"Just another WordPress site\",\"publisher\":{\"@id\":\"https:\/\/gravilsro.cz\/#organization\"},\"potentialAction\":[{\"@type\":\"SearchAction\",\"target\":{\"@type\":\"EntryPoint\",\"urlTemplate\":\"https:\/\/gravilsro.cz\/?s={search_term_string}\"},\"query-input\":\"required name=search_term_string\"}],\"inLanguage\":\"cs\"},{\"@type\":\"Organization\",\"@id\":\"https:\/\/gravilsro.cz\/#organization\",\"name\":\"gravilsro.cz\",\"url\":\"https:\/\/gravilsro.cz\/\",\"sameAs\":[],\"logo\":{\"@type\":\"ImageObject\",\"inLanguage\":\"cs\",\"@id\":\"https:\/\/gravilsro.cz\/#\/schema\/logo\/image\/\",\"url\":\"https:\/\/gravilsro.cz\/wp-content\/uploads\/2018\/12\/favicon-free-img.png\",\"contentUrl\":\"https:\/\/gravilsro.cz\/wp-content\/uploads\/2018\/12\/favicon-free-img.png\",\"width\":200,\"height\":200,\"caption\":\"gravilsro.cz\"},\"image\":{\"@id\":\"https:\/\/gravilsro.cz\/#\/schema\/logo\/image\/\"}}]}<\/script>\n<!-- \/ Yoast SEO plugin. -->","yoast_head_json":{"title":"Kari\u00e9ra - gravilsro.cz","robots":{"index":"index","follow":"follow","max-snippet":"max-snippet:-1","max-image-preview":"max-image-preview:large","max-video-preview":"max-video-preview:-1"},"canonical":"https:\/\/gravilsro.cz\/?page_id=41","og_locale":"cs_CZ","og_type":"article","og_title":"Kari\u00e9ra - gravilsro.cz","og_description":"Kari\u00e9ra Hled\u00e1te brigadu a po \u010dase stal\u00fd pracovn\u00ed pom\u011br ? P\u0159ijmeme zam\u011bstnance na \u00faklid na\u0161ich objekt\u016f Pracovn\u00ed doba: Po &#8211; P\u00e1, 10:00 &#8211; 18:00 hod (\u010das \u00faklidu lze posunout do pozd\u011bj\u0161\u00edch hodin). N\u00e1pl\u0148 pr\u00e1ce: \u00faklid kancel\u00e1\u0159\u00ed, kuchy\u0148ek, toalet, chodby Po\u017eadujeme: &#8211; Spolehlivost, zodpov\u011bdnost Nab\u00edz\u00edme: &#8211; Mo\u017enost pravideln\u00e9ho p\u0159iv\u00fdd\u011blku &#8211; Vhodn\u00e9 pro OZP, d\u016fchodce, \u017eeny na &hellip; Kari\u00e9ra Pokra\u010dovat ve \u010dten\u00ed &raquo;","og_url":"https:\/\/gravilsro.cz\/?page_id=41","og_site_name":"gravilsro.cz","article_modified_time":"2022-10-24T14:06:43+00:00","twitter_card":"summary_large_image","twitter_misc":{"Odhadovan\u00e1 doba \u010dten\u00ed":"1 minuta"},"schema":{"@context":"https:\/\/schema.org","@graph":[{"@type":"WebPage","@id":"https:\/\/gravilsro.cz\/?page_id=41","url":"https:\/\/gravilsro.cz\/?page_id=41","name":"Kari\u00e9ra - gravilsro.cz","isPartOf":{"@id":"https:\/\/gravilsro.cz\/#website"},"datePublished":"2017-12-17T10:02:12+00:00","dateModified":"2022-10-24T14:06:43+00:00","breadcrumb":{"@id":"https:\/\/gravilsro.cz\/?page_id=41#breadcrumb"},"inLanguage":"cs","potentialAction":[{"@type":"ReadAction","target":["https:\/\/gravilsro.cz\/?page_id=41"]}]},{"@type":"BreadcrumbList","@id":"https:\/\/gravilsro.cz\/?page_id=41#breadcrumb","itemListElement":[{"@type":"ListItem","position":1,"name":"Dom\u016f","item":"https:\/\/gravilsro.cz\/"},{"@type":"ListItem","position":2,"name":"Kari\u00e9ra"}]},{"@type":"WebSite","@id":"https:\/\/gravilsro.cz\/#website","url":"https:\/\/gravilsro.cz\/","name":"gravilsro.cz","description":"Just another WordPress site","publisher":{"@id":"https:\/\/gravilsro.cz\/#organization"},"potentialAction":[{"@type":"SearchAction","target":{"@type":"EntryPoint","urlTemplate":"https:\/\/gravilsro.cz\/?s={search_term_string}"},"query-input":"required name=search_term_string"}],"inLanguage":"cs"},{"@type":"Organization","@id":"https:\/\/gravilsro.cz\/#organization","name":"gravilsro.cz","url":"https:\/\/gravilsro.cz\/","sameAs":[],"logo":{"@type":"ImageObject","inLanguage":"cs","@id":"https:\/\/gravilsro.cz\/#\/schema\/logo\/image\/","url":"https:\/\/gravilsro.cz\/wp-content\/uploads\/2018\/12\/favicon-free-img.png","contentUrl":"https:\/\/gravilsro.cz\/wp-content\/uploads\/2018\/12\/favicon-free-img.png","width":200,"height":200,"caption":"gravilsro.cz"},"image":{"@id":"https:\/\/gravilsro.cz\/#\/schema\/logo\/image\/"}}]}},"_links":{"self":[{"href":"https:\/\/gravilsro.cz\/index.php?rest_route=\/wp\/v2\/pages\/41","targetHints":{"allow":["GET"]}}],"collection":[{"href":"https:\/\/gravilsro.cz\/index.php?rest_route=\/wp\/v2\/pages"}],"about":[{"href":"https:\/\/gravilsro.cz\/index.php?rest_route=\/wp\/v2\/types\/page"}],"author":[{"embeddable":true,"href":"https:\/\/gravilsro.cz\/index.php?rest_route=\/wp\/v2\/users\/1"}],"replies":[{"embeddable":true,"href":"https:\/\/gravilsro.cz\/index.php?rest_route=%2Fwp%2Fv2%2Fcomments&post=41"}],"version-history":[{"count":5,"href":"https:\/\/gravilsro.cz\/index.php?rest_route=\/wp\/v2\/pages\/41\/revisions"}],"predecessor-version":[{"id":4493,"href":"https:\/\/gravilsro.cz\/index.php?rest_route=\/wp\/v2\/pages\/41\/revisions\/4493"}],"wp:attachment":[{"href":"https:\/\/gravilsro.cz\/index.php?rest_route=%2Fwp%2Fv2%2Fmedia&parent=41"}],"curies":[{"name":"wp","href":"https:\/\/api.w.org\/{rel}","templated":true}]}}